{"id":1322,"date":"2020-12-21T13:29:35","date_gmt":"2020-12-21T10:29:35","guid":{"rendered":"https:\/\/classicsaas.liquid-themes.com\/staging\/?page_id=237"},"modified":"2025-08-25T01:40:54","modified_gmt":"2025-08-24T22:40:54","slug":"contact-information","status":"publish","type":"page","link":"https:\/\/vinya.com.tr\/en\/contact-information\/","title":{"rendered":"Contact Information"},"content":{"rendered":"<p>[vc_row full_height=&#8221;yes&#8221; content_placement=&#8221;middle&#8221; bg_position=&#8221;center bottom&#8221; css=&#8221;.vc_custom_1611756368112{padding-top: 120px !important;padding-bottom: 80px !important;background-image: url(https:\/\/vinya.com.tr\/wp-content\/uploads\/2020\/12\/bg.svg?id=239) !important;background-position: center !important;background-repeat: no-repeat !important;background-size: cover !important;}&#8221; responsive_css=&#8221;padding_top_medium:80px&#8221;][vc_column offset=&#8221;vc_col-lg-5 vc_col-md-6&#8243;]<style>@media (min-width: 768px) { .ld_fancy_heading_69e79788ce946 h1 {font-size:52px; }  } .ld_fancy_heading_69e79788ce946 h1 {font-weight:700; } .ld_fancy_heading_69e79788ce946 h1 {margin-bottom:0.1em !important;  } .ld_fancy_heading_69e79788ce946 .lqd-highlight-inner{height:0.275em!important;bottom:0px!important;}@media (min-width: 768px) { .ld_fancy_heading_69e79788ce946 h1 {font-size:52px; }  } .ld_fancy_heading_69e79788ce946 h1 {font-weight:700; } .ld_fancy_heading_69e79788ce946 h1 {margin-bottom:0.1em !important;  } <\/style><div class=\"ld-fancy-heading ld_fancy_heading_69e79788ce946\">\n\t<h1 class=\"ld-fh-element lqd-highlight-underline lqd-highlight-grow-left text-decoration-default\"   >  Contact Information<\/h1><\/div><style>.ld_fancy_heading_69e79788cf896 p{color:rgb(34, 36, 58);}.ld_fancy_heading_69e79788cf896 p {font-size:17px; } .ld_fancy_heading_69e79788cf896 .lqd-highlight-inner{height:0.275em!important;bottom:0px!important;}.ld_fancy_heading_69e79788cf896 p {font-size:17px; } <\/style><div class=\"ld-fancy-heading ld_fancy_heading_69e79788cf896\">\n\t<p class=\"ld-fh-element lqd-highlight-underline lqd-highlight-grow-left text-decoration-default\"   >  We are here to answer any questions you may have.<\/p><\/div>[vc_row_inner css=&#8221;.vc_custom_1608560196551{padding-top: 45px !important;}&#8221;][vc_column_inner width=&#8221;1\/2&#8243;]<style>.ld_fancy_heading_69e79788d05a0 p{color:rgb(0, 0, 0);}.ld_fancy_heading_69e79788d05a0 p {font-size:14px; } .ld_fancy_heading_69e79788d05a0 p {line-height:1.2em; } .ld_fancy_heading_69e79788d05a0 p {--element-line-height:1.2em; } .ld_fancy_heading_69e79788d05a0 p {margin-bottom:1em !important;  } .ld_fancy_heading_69e79788d05a0 .lqd-highlight-inner{height:0.275em!important;bottom:0px!important;}.ld_fancy_heading_69e79788d05a0 p {font-size:14px; } .ld_fancy_heading_69e79788d05a0 p {line-height:1.2em; } .ld_fancy_heading_69e79788d05a0 p {--element-line-height:1.2em; } .ld_fancy_heading_69e79788d05a0 p {margin-bottom:1em !important;  } <\/style><div class=\"ld-fancy-heading ld_fancy_heading_69e79788d05a0\">\n\t<p class=\"ld-fh-element lqd-highlight-underline lqd-highlight-grow-left text-decoration-default\"   >  Phone<\/p><\/div><style>.ld_fancy_heading_69e79788d1649 p {font-size:14px; } .ld_fancy_heading_69e79788d1649 p {line-height:1.2em; } .ld_fancy_heading_69e79788d1649 p {--element-line-height:1.2em; } .ld_fancy_heading_69e79788d1649 p {font-weight:700; } .ld_fancy_heading_69e79788d1649 .lqd-highlight-inner{height:0.275em!important;bottom:0px!important;}.ld_fancy_heading_69e79788d1649 p {font-size:14px; } .ld_fancy_heading_69e79788d1649 p {line-height:1.2em; } .ld_fancy_heading_69e79788d1649 p {--element-line-height:1.2em; } .ld_fancy_heading_69e79788d1649 p {font-weight:700; } <\/style><div class=\"ld-fancy-heading ld_fancy_heading_69e79788d1649\">\n\t<p class=\"ld-fh-element lqd-highlight-underline lqd-highlight-grow-left text-decoration-default\"   >  +90 (212) 216 99 33<\/p><\/div>[\/vc_column_inner][vc_column_inner width=&#8221;1\/2&#8243;]<style>.ld_fancy_heading_69e79788d2870 p{color:rgb(0, 0, 0);}.ld_fancy_heading_69e79788d2870 p {font-size:14px; } .ld_fancy_heading_69e79788d2870 p {line-height:1.2em; } .ld_fancy_heading_69e79788d2870 p {--element-line-height:1.2em; } .ld_fancy_heading_69e79788d2870 p {margin-bottom:1em !important;  } .ld_fancy_heading_69e79788d2870 .lqd-highlight-inner{height:0.275em!important;bottom:0px!important;}.ld_fancy_heading_69e79788d2870 p {font-size:14px; } .ld_fancy_heading_69e79788d2870 p {line-height:1.2em; } .ld_fancy_heading_69e79788d2870 p {--element-line-height:1.2em; } .ld_fancy_heading_69e79788d2870 p {margin-bottom:1em !important;  } <\/style><div class=\"ld-fancy-heading ld_fancy_heading_69e79788d2870\">\n\t<p class=\"ld-fh-element lqd-highlight-underline lqd-highlight-grow-left text-decoration-default\"   >  Email<\/p><\/div><style>.ld_fancy_heading_69e79788d3810 p {font-size:14px; } .ld_fancy_heading_69e79788d3810 p {line-height:1.2em; } .ld_fancy_heading_69e79788d3810 p {--element-line-height:1.2em; } .ld_fancy_heading_69e79788d3810 p {font-weight:700; } .ld_fancy_heading_69e79788d3810 .lqd-highlight-inner{height:0.275em!important;bottom:0px!important;}.ld_fancy_heading_69e79788d3810 p {font-size:14px; } .ld_fancy_heading_69e79788d3810 p {line-height:1.2em; } .ld_fancy_heading_69e79788d3810 p {--element-line-height:1.2em; } .ld_fancy_heading_69e79788d3810 p {font-weight:700; } <\/style><div class=\"ld-fancy-heading ld_fancy_heading_69e79788d3810\">\n\t<p class=\"ld-fh-element lqd-highlight-underline lqd-highlight-grow-left text-decoration-default\"   >  info@vinya.com.tr<\/p><\/div>[\/vc_column_inner][\/vc_row_inner][vc_row_inner css=&#8221;.vc_custom_1608560196551{padding-top: 45px !important;}&#8221;][vc_column_inner]<style>.ld_fancy_heading_69e79788d45eb p{color:rgb(0, 0, 0);}.ld_fancy_heading_69e79788d45eb p {font-size:14px; } .ld_fancy_heading_69e79788d45eb p {line-height:1.2em; } .ld_fancy_heading_69e79788d45eb p {--element-line-height:1.2em; } .ld_fancy_heading_69e79788d45eb p {margin-bottom:1em !important;  } .ld_fancy_heading_69e79788d45eb .lqd-highlight-inner{height:0.275em!important;bottom:0px!important;}.ld_fancy_heading_69e79788d45eb p {font-size:14px; } .ld_fancy_heading_69e79788d45eb p {line-height:1.2em; } .ld_fancy_heading_69e79788d45eb p {--element-line-height:1.2em; } .ld_fancy_heading_69e79788d45eb p {margin-bottom:1em !important;  } <\/style><div class=\"ld-fancy-heading ld_fancy_heading_69e79788d45eb\">\n\t<p class=\"ld-fh-element lqd-highlight-underline lqd-highlight-grow-left text-decoration-default\"   >  Head Office<\/p><\/div><style>.ld_fancy_heading_69e79788d5319 p {font-size:14px; } .ld_fancy_heading_69e79788d5319 p {line-height:1.2em; } .ld_fancy_heading_69e79788d5319 p {--element-line-height:1.2em; } .ld_fancy_heading_69e79788d5319 p {font-weight:700; } .ld_fancy_heading_69e79788d5319 p {margin-bottom:2em !important;  } .ld_fancy_heading_69e79788d5319 .lqd-highlight-inner{height:0.275em!important;bottom:0px!important;}.ld_fancy_heading_69e79788d5319 p {font-size:14px; } .ld_fancy_heading_69e79788d5319 p {line-height:1.2em; } .ld_fancy_heading_69e79788d5319 p {--element-line-height:1.2em; } .ld_fancy_heading_69e79788d5319 p {font-weight:700; } .ld_fancy_heading_69e79788d5319 p {margin-bottom:2em !important;  } <\/style><div class=\"ld-fancy-heading ld_fancy_heading_69e79788d5319\">\n\t<p class=\"ld-fh-element lqd-highlight-underline lqd-highlight-grow-left text-decoration-default\"   >  Bah\u00e7elievler Mahallesi Mehmet\u00e7ik Sokak Kat Plaza No: 1 \/1 Daire : 206, 34180 Bah\u00e7elievler\/\u0130stanbul\/T\u00fcrkiye<\/p><\/div>[vc_separator]<style>.ld_fancy_heading_69e79788d5f13 p{color:rgb(0, 0, 0);}.ld_fancy_heading_69e79788d5f13 p {font-size:14px; } .ld_fancy_heading_69e79788d5f13 p {line-height:1.2em; } .ld_fancy_heading_69e79788d5f13 p {--element-line-height:1.2em; } .ld_fancy_heading_69e79788d5f13 p {margin-bottom:1em !important;  } .ld_fancy_heading_69e79788d5f13 .lqd-highlight-inner{height:0.275em!important;bottom:0px!important;}.ld_fancy_heading_69e79788d5f13 p {font-size:14px; } .ld_fancy_heading_69e79788d5f13 p {line-height:1.2em; } .ld_fancy_heading_69e79788d5f13 p {--element-line-height:1.2em; } .ld_fancy_heading_69e79788d5f13 p {margin-bottom:1em !important;  } <\/style><div class=\"ld-fancy-heading ld_fancy_heading_69e79788d5f13\">\n\t<p class=\"ld-fh-element lqd-highlight-underline lqd-highlight-grow-left text-decoration-default\"   >  Avc\u0131lar Technopark \/ Branch<\/p><\/div><style>.ld_fancy_heading_69e79788d6a53 p {font-size:14px; } .ld_fancy_heading_69e79788d6a53 p {line-height:1.2em; } .ld_fancy_heading_69e79788d6a53 p {--element-line-height:1.2em; } .ld_fancy_heading_69e79788d6a53 p {font-weight:700; } .ld_fancy_heading_69e79788d6a53 .lqd-highlight-inner{height:0.275em!important;bottom:0px!important;}.ld_fancy_heading_69e79788d6a53 p {font-size:14px; } .ld_fancy_heading_69e79788d6a53 p {line-height:1.2em; } .ld_fancy_heading_69e79788d6a53 p {--element-line-height:1.2em; } .ld_fancy_heading_69e79788d6a53 p {font-weight:700; } <\/style><div class=\"ld-fancy-heading ld_fancy_heading_69e79788d6a53\">\n\t<p class=\"ld-fh-element lqd-highlight-underline lqd-highlight-grow-left text-decoration-default\"   >  \u00dcniversite Mah. Sar\u0131g\u00fcl Sok. No:37\/1, \u0130\u00e7 Kap\u0131 No:98, \u0130stanbul \u00dcniversitesi Cerrahpa\u015fa Avc\u0131lar Yerle\u015fkesi Teknokent Binas\u0131, Kat:1, Ofis No: 40, 34320 Avc\u0131lar \/ \u0130stanbul\/T\u00fcrkiye<\/p><\/div>[\/vc_column_inner][\/vc_row_inner][\/vc_column][vc_column enable_column_shadowbox=&#8221;yes&#8221; offset=&#8221;vc_col-md-offset-1 vc_col-md-6&#8243; responsive_css=&#8221;padding_right_small:45px|padding_left_small:45px&#8221; css=&#8221;.vc_custom_1608560451329{padding-top: 35px !important;padding-right: 20px !important;padding-bottom: 40px !important;padding-left: 20px !important;background-color: #ffffff !important;border-radius: 5px !important;}&#8221; column_box_shadow=&#8221;%5B%7B%22x_offset%22%3A%220%22%2C%22y_offset%22%3A%2220px%22%2C%22blur_radius%22%3A%2290px%22%2C%22shadow_color%22%3A%22rgba(30%2C%2089%2C%20157%2C%200.1)%22%7D%5D&#8221;]<style>.ld_fancy_heading_69e79788d73e4 h3 {font-size:20px; } .ld_fancy_heading_69e79788d73e4 h3 {margin-bottom:1.25em !important;  } .ld_fancy_heading_69e79788d73e4 .lqd-highlight-inner{height:0.275em!important;bottom:0px!important;}.ld_fancy_heading_69e79788d73e4 h3 {font-size:20px; } .ld_fancy_heading_69e79788d73e4 h3 {margin-bottom:1.25em !important;  } <\/style><div class=\"ld-fancy-heading ld_fancy_heading_69e79788d73e4\">\n\t<h3 class=\"ld-fh-element lqd-highlight-underline lqd-highlight-grow-left text-decoration-default\"   >  Write to us and we will get back to you within 1 business day.<\/h3><\/div><style>.ld_cf7_69e79788d7c5a input,.ld_cf7_69e79788d7c5a textarea,.ld_cf7_69e79788d7c5a .ui-button.ui-selectmenu-button{font-size:13px;}.ld_cf7_69e79788d7c5a input[type=\"submit\"]{font-size:16px;}.ld_cf7_69e79788d7c5a input, .ld_cf7_69e79788d7c5a select, .ld_cf7_69e79788d7c5a textarea, .ld_cf7_69e79788d7c5a .ui-button.ui-selectmenu-button, .ld_cf7_69e79788d7c5a .wpcf7-form-control-wrap > i, .ld_cf7_69e79788d7c5a .wpcf7-radio{color:rgb(90, 102, 126);}.ld_cf7_69e79788d7c5a input:focus, .ld_cf7_69e79788d7c5a select:focus, .ld_cf7_69e79788d7c5a textarea:focus, .ld_cf7_69e79788d7c5a .ui-button.ui-selectmenu-button:hover, .wpcf7-acceptance .wpcf7-list-item-label:after{color:rgb(0, 0, 0);}.ld_cf7_69e79788d7c5a input, .ld_cf7_69e79788d7c5a select, .ld_cf7_69e79788d7c5a textarea, .ld_cf7_69e79788d7c5a .ui-button.ui-selectmenu-button, .ld_cf7_69e79788d7c5a .wpcf7-acceptance .wpcf7-list-item-label:before{border-color:rgba(123, 131, 142, 0.16);}.ld_cf7_69e79788d7c5a input:focus, .ld_cf7_69e79788d7c5a select:focus, .ld_cf7_69e79788d7c5a textarea:focus, .ld_cf7_69e79788d7c5a .ui-button.ui-selectmenu-button:hover{border-color:rgb(90, 102, 126);}.ld_cf7_69e79788d7c5a .wpcf7-form-control-wrap{margin-bottom:18px;}<\/style><div id=\"ld_cf7_69e79788d7c5a\" class=\"lqd-contact-form lqd-contact-form-button-block ld_cf7_69e79788d7c5a vc_custom_1608558737857\">\n\t\n<div class=\"wpcf7 no-js\" id=\"wpcf7-f240-o1\" lang=\"en-GB\" dir=\"ltr\">\n<div class=\"screen-reader-response\"><p role=\"status\" aria-live=\"polite\" aria-atomic=\"true\"><\/p> <ul><\/ul><\/div>\n<form action=\"\/en\/wp-json\/wp\/v2\/pages\/1322#wpcf7-f240-o1\" method=\"post\" class=\"wpcf7-form init\" aria-label=\"\u0130leti\u015fim Formu\" novalidate=\"novalidate\" data-status=\"init\">\n<div style=\"display: none;\">\n<input type=\"hidden\" name=\"_wpcf7\" value=\"240\" \/>\n<input type=\"hidden\" name=\"_wpcf7_version\" value=\"5.9.8\" \/>\n<input type=\"hidden\" name=\"_wpcf7_locale\" value=\"en_GB\" \/>\n<input type=\"hidden\" name=\"_wpcf7_unit_tag\" value=\"wpcf7-f240-o1\" \/>\n<input type=\"hidden\" name=\"_wpcf7_container_post\" value=\"0\" \/>\n<input type=\"hidden\" name=\"_wpcf7_posted_data_hash\" value=\"\" \/>\n<input type=\"hidden\" name=\"_wpcf7_recaptcha_response\" value=\"\" \/>\n<\/div>\n<div class=\"row\">\n\t<div class=\"col-md-6\">\n\t\t<p><span class=\"wpcf7-form-control-wrap\" data-name=\"text-186\"><input size=\"40\" maxlength=\"400\" class=\"wpcf7-form-control wpcf7-text wpcf7-validates-as-required\" aria-required=\"true\" aria-invalid=\"false\" placeholder=\"Name, Surname\" value=\"\" type=\"text\" name=\"text-186\" \/><\/span>\n\t\t<\/p>\n\t<\/div>\n\t<div class=\"col-md-6\">\n\t\t<p><span class=\"wpcf7-form-control-wrap\" data-name=\"email-527\"><input size=\"40\" maxlength=\"400\" class=\"wpcf7-form-control wpcf7-email wpcf7-validates-as-required wpcf7-text wpcf7-validates-as-email\" aria-required=\"true\" aria-invalid=\"false\" placeholder=\"Email\" value=\"\" type=\"email\" name=\"email-527\" \/><\/span>\n\t\t<\/p>\n\t<\/div>\n\t<div class=\"col-md-6\">\n\t\t<p><span class=\"wpcf7-form-control-wrap\" data-name=\"text-186\"><input size=\"40\" maxlength=\"400\" class=\"wpcf7-form-control wpcf7-text wpcf7-validates-as-required\" aria-required=\"true\" aria-invalid=\"false\" placeholder=\"Phone\" value=\"\" type=\"text\" name=\"text-186\" \/><\/span>\n\t\t<\/p>\n\t<\/div>\n\t<div class=\"col-md-6\">\n\t\t<p><span class=\"wpcf7-form-control-wrap\" data-name=\"text-186\"><input size=\"40\" maxlength=\"400\" class=\"wpcf7-form-control wpcf7-text wpcf7-validates-as-required\" aria-required=\"true\" aria-invalid=\"false\" placeholder=\"Subject\" value=\"\" type=\"text\" name=\"text-186\" \/><\/span>\n\t\t<\/p>\n\t<\/div>\n\t<div class=\"col-md-12\">\n\t\t<p><span class=\"wpcf7-form-control-wrap\" data-name=\"textarea-205\"><textarea cols=\"10\" rows=\"3\" maxlength=\"2000\" class=\"wpcf7-form-control wpcf7-textarea wpcf7-validates-as-required\" aria-required=\"true\" aria-invalid=\"false\" placeholder=\"Message\" name=\"textarea-205\"><\/textarea><\/span>\n\t\t<\/p>\n\t<\/div>\n\t<div class=\"col-md-12\">\n\t\t<p><span class=\"wpcf7-form-control-wrap\" data-name=\"acceptance-530\"><span class=\"wpcf7-form-control wpcf7-acceptance optional\"><span class=\"wpcf7-list-item\"><label><input type=\"checkbox\" name=\"acceptance-530\" value=\"1\" aria-invalid=\"false\" \/><span class=\"wpcf7-list-item-label\">I have read the information regarding Law No. 6698 on the Protection of Personal Data; I consent to the use of my contact information for information and service provision.<\/span><\/label><\/span><\/span><\/span>\n\t\t<\/p>\n\t<\/div>\n\t<div class=\"col-md-12\">\n\t<span class=\"wpcf7-form-control-wrap recaptcha\" data-name=\"recaptcha\"><span data-sitekey=\"6Lfhns8qAAAAAHU9z8_jK0aUupUghaOYR-O79spC\" class=\"wpcf7-form-control wpcf7-recaptcha g-recaptcha\"><\/span>\r\n<noscript>\r\n\t<div class=\"grecaptcha-noscript\">\r\n\t\t<iframe loading=\"lazy\" src=\"https:\/\/www.google.com\/recaptcha\/api\/fallback?k=6Lfhns8qAAAAAHU9z8_jK0aUupUghaOYR-O79spC\" frameborder=\"0\" scrolling=\"no\" width=\"310\" height=\"430\">\r\n\t\t<\/iframe>\r\n\t\t<textarea name=\"g-recaptcha-response\" rows=\"3\" cols=\"40\" placeholder=\"reCaptcha Response Here\">\r\n\t\t<\/textarea>\r\n\t<\/div>\r\n<\/noscript>\r\n<\/span>\n\t<\/div>\n\t<div class=\"col-md-12\">\n\t\t<p><input class=\"wpcf7-form-control wpcf7-submit has-spinner\" type=\"submit\" value=\"Send\" \/>\n\t\t<\/p>\n\t<\/div>\n<\/div><div class=\"wpcf7-response-output\" aria-hidden=\"true\"><\/div>\n<\/form>\n<\/div>\n<\/div>[\/vc_column][\/vc_row][vc_row][vc_column][vc_raw_html]JTNDaWZyYW1lJTIwc3JjJTNEJTIyaHR0cHMlM0ElMkYlMkZ3d3cuZ29vZ2xlLmNvbSUyRm1hcHMlMkZlbWJlZCUzRnBiJTNEJTIxMW0xNCUyMTFtOCUyMTFtMyUyMTFkMTkyNzI1LjA5NDIyMTU1Mjg2JTIxMmQyOC43MzM1NzA3NTY0ODc3NDclMjEzZDQwLjk5NjE1ODU5OTk5OTk4JTIxM20yJTIxMWkxMDI0JTIxMmk3NjglMjE0ZjEzLjElMjEzbTMlMjExbTIlMjExczB4MCUyNTNBMHhhMmZiOTAxY2I4ZjExM2UwJTIxMnpWbWx1ZVdFZ1FtbHNhY1dmYVcwZ1ZtVWdSR0Z1eExIRm4yMWhibXpFc1dzZ1NHbDZiV1YwYkdWeWFTQkJMaURGbmk0JTIxNWUwJTIxM20yJTIxMXN0ciUyMTJzdHIlMjE0djE2NTU4MTY4ODE2MDclMjE1bTIlMjExc3RyJTIxMnN0ciUyMiUyMHdpZHRoJTNEJTIyMTAwJTI1JTIyJTIwaGVpZ2h0JTNEJTIyNDUwJTIyJTIwc3R5bGUlM0QlMjJib3JkZXIlM0EwJTNCJTIyJTIwYWxsb3dmdWxsc2NyZWVuJTNEJTIyJTIyJTIwbG9hZGluZyUzRCUyMmxhenklMjIlMjByZWZlcnJlcnBvbGljeSUzRCUyMm5vLXJlZmVycmVyLXdoZW4tZG93bmdyYWRlJTIyJTNFJTNDJTJGaWZyYW1lJTNF[\/vc_raw_html][\/vc_column][\/vc_row][vc_row enable_content_animation=&#8221;yes&#8221; ca_init_scale_x=&#8221;0.85&#8243; ca_init_scale_y=&#8221;0.85&#8243; ca_init_opacity=&#8221;0&#8243; ca_an_scale_x=&#8221;1&#8243; ca_an_scale_y=&#8221;1&#8243; ca_an_opacity=&#8221;1&#8243; ca_init_scale_z=&#8221;1&#8243; ca_an_scale_z=&#8221;1&#8243; css=&#8221;.vc_custom_1655089372825{margin-bottom: -50px !important;padding-top: 100px !important;padding-bottom: 100px !important;}&#8221; ca_duration=&#8221;1800&#8243; ca_delay=&#8221;180&#8243; ca_init_translate_y=&#8221;65&#8243; ca_init_rotate_x=&#8221;-35&#8243;][vc_column enable_column_shadowbox=&#8221;yes&#8221; responsive_css=&#8221;padding_right_medium:90px|padding_left_medium:90px&#8221; css=&#8221;.vc_custom_1655089389426{margin-bottom: -100px !important;padding-top: 55px !important;padding-right: 15px !important;padding-bottom: 55px !important;padding-left: 15px !important;background-color: #f6b101 !important;border-radius: 10px !important;}&#8221; column_box_shadow=&#8221;%5B%7B%22x_offset%22%3A%220%22%2C%22y_offset%22%3A%2215px%22%2C%22blur_radius%22%3A%2250px%22%2C%22shadow_color%22%3A%22rgba(0%2C%200%2C%200%2C%200.19)%22%7D%5D&#8221; responsive_align=&#8221;text-center text-md-left&#8221;][vc_row_inner content_placement=&#8221;middle&#8221;][vc_column_inner align=&#8221;text-center&#8221; offset=&#8221;vc_col-md-6&#8243; responsive_align=&#8221;text-md-left&#8221;]<style>.ld_fancy_heading_69e79788d9483 h2{color:rgb(255, 255, 255);}.ld_fancy_heading_69e79788d9483 h2 {font-size:24px; } @media (min-width: 992px) { .ld_fancy_heading_69e79788d9483 h2 {margin-bottom:0px !important;  }  } .ld_fancy_heading_69e79788d9483 .lqd-highlight-inner{height:0.275em!important;bottom:0px!important;}.ld_fancy_heading_69e79788d9483 h2 {font-size:24px; } @media (min-width: 992px) { .ld_fancy_heading_69e79788d9483 h2 {margin-bottom:0px !important;  }  } <\/style><div class=\"ld-fancy-heading ld_fancy_heading_69e79788d9483\">\n\t<h2 class=\"ld-fh-element lqd-highlight-underline lqd-highlight-grow-left text-decoration-default\"   >  Experience the Business Central Chosen by Leading Companies \u2013 15 Days Free Trial<\/h2><\/div>[\/vc_column_inner][vc_column_inner align=&#8221;text-center&#8221; responsive_align=&#8221;text-md-right&#8221; offset=&#8221;vc_col-md-6&#8243;]<style>.ld_button_69e79788d9e2b.btn-icon-solid .btn-icon{background:rgb(255, 255, 255);}.ld_button_69e79788d9e2b.btn-icon-circle.btn-icon-ripple .btn-icon:before{border-color:rgb(255, 255, 255);}.ld_button_69e79788d9e2b.btn-icon-solid:hover .btn-icon{background:rgb(18, 18, 18);}.ld_button_69e79788d9e2b{background-color:rgb(255, 255, 255);border-color:rgb(255, 255, 255);color:rgb(0, 0, 0);}.ld_button_69e79788d9e2b:hover{background-color:rgb(18, 18, 18);border-color:rgb(18, 18, 18);color:rgb(255, 255, 255);}.ld_button_69e79788d9e2b .btn-gradient-bg-hover{background:-webkit-linear-gradient(to right, rgb(18, 18, 18) 0%, rgb(18, 18, 18) 100%);background:linear-gradient(to right, rgb(18, 18, 18) 0%, rgb(18, 18, 18) 100%);}.ld_button_69e79788d9e2b .btn-gradient-border defs stop:first-child{stop-color:rgb(255, 255, 255);}.ld_button_69e79788d9e2b .btn-gradient-border defs stop:last-child{stop-color:rgb(255, 255, 255);}.ld_button_69e79788d9e2b:hover .btn-gradient-border defs stop:first-child{stop-color:rgb(18, 18, 18);}.ld_button_69e79788d9e2b:hover .btn-gradient-border defs stop:last-child{stop-color:rgb(18, 18, 18);}<\/style><a href=\"#header-contact-modal\" class=\"btn btn-solid btn-lg round border-thin btn-hover-swp btn-has-label ld_button_69e79788d9e2b\" data-lity=\"#header-contact-modal\" >\n\t<span>\n\t\t\n\t\t\t\t\t<span class=\"btn-txt\" data-text=\"Try for Free\" >Try for Free<\/span>\n\t\t\t\n\t<span class=\"btn-icon\"><i class=\"lqd-icn-ess icon-md-arrow-forward\"><\/i><\/span>\t<span class=\"btn-icon\"><i class=\"lqd-icn-ess icon-md-arrow-forward\"><\/i><\/span>\t\t\t<\/span>\n<\/a>\n[\/vc_column_inner][\/vc_row_inner][\/vc_column][\/vc_row]<\/p>\n","protected":false},"excerpt":{"rendered":"<p>[vc_row full_height=&#8221;yes&#8221; content_placement=&#8221;middle&#8221; bg_position=&#8221;center bottom&#8221; css=&#8221;.vc_custom_1611756368112{padding-top: 120px !important;padding-bottom: 80px !important;background-image: url(https:\/\/vinya.com.tr\/wp-content\/uploads\/2020\/12\/bg.svg?id=239) !important;background-position: center !important;background-repeat: no-repeat !important;background-size: cover !important;}&#8221; responsive_css=&#8221;padding_top_medium:80px&#8221;][vc_column offset=&#8221;vc_col-lg-5 vc_col-md-6&#8243;][vc_row_inner css=&#8221;.vc_custom_1608560196551{padding-top: 45px !important;}&#8221;][vc_column_inner width=&#8221;1\/2&#8243;][\/vc_column_inner][vc_column_inner width=&#8221;1\/2&#8243;][\/vc_column_inner][\/vc_row_inner][vc_row_inner css=&#8221;.vc_custom_1608560196551{padding-top: 45px !important;}&#8221;][vc_column_inner][vc_separator][\/vc_column_inner][\/vc_row_inner][\/vc_column][vc_column enable_column_shadowbox=&#8221;yes&#8221; offset=&#8221;vc_col-md-offset-1 vc_col-md-6&#8243; responsive_css=&#8221;padding_right_small:45px|padding_left_small:45px&#8221; css=&#8221;.vc_custom_1608560451329{padding-top: 35px !important;padding-right: 20px !important;padding-bottom: 40px !important;padding-left: 20px !important;background-color: #ffffff !important;border-radius: 5px !important;}&#8221; column_box_shadow=&#8221;%5B%7B%22x_offset%22%3A%220%22%2C%22y_offset%22%3A%2220px%22%2C%22blur_radius%22%3A%2290px%22%2C%22shadow_color%22%3A%22rgba(30%2C%2089%2C%20157%2C%200.1)%22%7D%5D&#8221;][\/vc_column][\/vc_row][vc_row][vc_column][vc_raw_html]JTNDaWZyYW1lJTIwc3JjJTNEJTIyaHR0cHMlM0ElMkYlMkZ3d3cuZ29vZ2xlLmNvbSUyRm1hcHMlMkZlbWJlZCUzRnBiJTNEJTIxMW0xNCUyMTFtOCUyMTFtMyUyMTFkMTkyNzI1LjA5NDIyMTU1Mjg2JTIxMmQyOC43MzM1NzA3NTY0ODc3NDclMjEzZDQwLjk5NjE1ODU5OTk5OTk4JTIxM20yJTIxMWkxMDI0JTIxMmk3NjglMjE0ZjEzLjElMjEzbTMlMjExbTIlMjExczB4MCUyNTNBMHhhMmZiOTAxY2I4ZjExM2UwJTIxMnpWbWx1ZVdFZ1FtbHNhY1dmYVcwZ1ZtVWdSR0Z1eExIRm4yMWhibXpFc1dzZ1NHbDZiV1YwYkdWeWFTQkJMaURGbmk0JTIxNWUwJTIxM20yJTIxMXN0ciUyMTJzdHIlMjE0djE2NTU4MTY4ODE2MDclMjE1bTIlMjExc3RyJTIxMnN0ciUyMiUyMHdpZHRoJTNEJTIyMTAwJTI1JTIyJTIwaGVpZ2h0JTNEJTIyNDUwJTIyJTIwc3R5bGUlM0QlMjJib3JkZXIlM0EwJTNCJTIyJTIwYWxsb3dmdWxsc2NyZWVuJTNEJTIyJTIyJTIwbG9hZGluZyUzRCUyMmxhenklMjIlMjByZWZlcnJlcnBvbGljeSUzRCUyMm5vLXJlZmVycmVyLXdoZW4tZG93bmdyYWRlJTIyJTNFJTNDJTJGaWZyYW1lJTNF[\/vc_raw_html][\/vc_column][\/vc_row][vc_row enable_content_animation=&#8221;yes&#8221; ca_init_scale_x=&#8221;0.85&#8243; ca_init_scale_y=&#8221;0.85&#8243; ca_init_opacity=&#8221;0&#8243; ca_an_scale_x=&#8221;1&#8243; ca_an_scale_y=&#8221;1&#8243; ca_an_opacity=&#8221;1&#8243; ca_init_scale_z=&#8221;1&#8243; [&hellip;]<\/p>\n","protected":false},"author":1,"featured_media":0,"parent":0,"menu_order":0,"comment_status":"closed","ping_status":"closed","template":"","meta":{"footnotes":""},"class_list":["post-1322","page","type-page","status-publish","hentry"],"_links":{"self":[{"href":"https:\/\/vinya.com.tr\/en\/wp-json\/wp\/v2\/pages\/1322","targetHints":{"allow":["GET"]}}],"collection":[{"href":"https:\/\/vinya.com.tr\/en\/wp-json\/wp\/v2\/pages"}],"about":[{"href":"https:\/\/vinya.com.tr\/en\/wp-json\/wp\/v2\/types\/page"}],"author":[{"embeddable":true,"href":"https:\/\/vinya.com.tr\/en\/wp-json\/wp\/v2\/users\/1"}],"replies":[{"embeddable":true,"href":"https:\/\/vinya.com.tr\/en\/wp-json\/wp\/v2\/comments?post=1322"}],"version-history":[{"count":7,"href":"https:\/\/vinya.com.tr\/en\/wp-json\/wp\/v2\/pages\/1322\/revisions"}],"predecessor-version":[{"id":2501,"href":"https:\/\/vinya.com.tr\/en\/wp-json\/wp\/v2\/pages\/1322\/revisions\/2501"}],"wp:attachment":[{"href":"https:\/\/vinya.com.tr\/en\/wp-json\/wp\/v2\/media?parent=1322"}],"curies":[{"name":"wp","href":"https:\/\/api.w.org\/{rel}","templated":true}]}}