{"id":793,"date":"2022-06-28T11:43:54","date_gmt":"2022-06-28T08:43:54","guid":{"rendered":"https:\/\/vinya.com.tr\/en\/?page_id=793"},"modified":"2025-08-28T02:06:17","modified_gmt":"2025-08-27T23:06:17","slug":"turkish-translation-package","status":"publish","type":"page","link":"https:\/\/vinya.com.tr\/en\/microsoft-appsource\/turkish-translation-package\/","title":{"rendered":"Turkish Translation Package"},"content":{"rendered":"<p>[vc_row css=&#8221;.vc_custom_1656406376625{padding-top: 60px !important;padding-bottom: 80px !important;}&#8221;][vc_column width=&#8221;1\/4&#8243;][vc_single_image image=&#8221;785&#8243;][\/vc_column][vc_column width=&#8221;3\/4&#8243;]<style>.ld_fancy_heading_69e8a5bb0b414 p {margin-bottom:1.5em !important;  } .ld_fancy_heading_69e8a5bb0b414 .lqd-highlight-inner{height:0.275em!important;bottom:0px!important;}.ld_fancy_heading_69e8a5bb0b414 p {margin-bottom:1.5em !important;  } <\/style><div class=\"ld-fancy-heading ld_fancy_heading_69e8a5bb0b414\">\n\t<p class=\"ld-fh-element lqd-highlight-underline lqd-highlight-grow-left text-decoration-default\"   >  This app helps Turkish users to use Business Central in their native language, Turkish.<\/p>\n<p><strong>Turkish Language for Microsoft Dynamics 365 Business Central<\/strong><\/p>\n<p><em>Turkish Translation Package <\/em>app provides to add the Turkish language to the Dynamics 365 Business Central application.<\/p>\n<p>Turkish users can use Dynamics 365 Business Central in their native language.<\/p>\n<p><strong><u>The Advantages of the <em>Turkish Translation Package<\/em><\/u><\/strong><\/p>\n<ul>\n<li>The application can be installed quickly and easily.<\/li>\n<li>All commands and menus are available in Turkish on the interface.<\/li>\n<li>Provides translation support for Dynamics 365 Business Central&#8217;s Essentials and Premium packages.<\/li>\n<li>Easy switch from English to Turkish<\/li>\n<\/ul>\n<p><\/p><\/div><style>.ld_fancy_heading_69e8a5bb0d99b p {margin-bottom:1.5em !important;  } .ld_fancy_heading_69e8a5bb0d99b .lqd-highlight-inner{height:0.275em!important;bottom:0px!important;}.ld_fancy_heading_69e8a5bb0d99b p {margin-bottom:1.5em !important;  } <\/style><div class=\"ld-fancy-heading ld_fancy_heading_69e8a5bb0d99b\">\n\t<p class=\"ld-fh-element lqd-highlight-underline lqd-highlight-grow-left text-decoration-default\"   >  <strong>Getting Support<\/strong><\/p>\n<p>For additional information, support, and pricing details, please contact Vinya Bili\u015fim ve Dan\u0131\u015fmanl\u0131k Hizmetleri A.\u015e.:<\/p>\n<ul>\n<li><a href=\"https:\/\/vinya.com.tr\/iletisim\/\"><strong>Vinya Bili\u015fim ve Dan\u0131\u015fmanl\u0131k Turkish Contact<\/strong><\/a><\/li>\n<li><a href=\"https:\/\/vinya.com.tr\/en\/contact-information\/\"><strong>Vinya Bili\u015fim ve Dan\u0131\u015fmanl\u0131k English Contact<\/strong><\/a><\/li>\n<\/ul>\n<p><\/p><\/div><a href=\"https:\/\/vinya.com.tr\/en\/wp-content\/uploads\/2022\/07\/Turkish_Translation_Package_User_Document.pdf\" title=\"Turkish Translation Package User Document\" target=\"_blank\" class=\"btn btn-underlined border-thin btn-has-label ld_button_69e8a5bb0f71c\" >\n\t<span>\n\t\t\n\t\t\t\t\t<span class=\"btn-txt\" data-text=\"Download File\" >Download File<\/span>\n\t\t\t\n\t\t\t\t\t<\/span>\n<\/a>\n[\/vc_column][\/vc_row][vc_row enable_content_animation=&#8221;yes&#8221; ca_init_scale_x=&#8221;0.85&#8243; ca_init_scale_y=&#8221;0.85&#8243; ca_init_opacity=&#8221;0&#8243; ca_an_scale_x=&#8221;1&#8243; ca_an_scale_y=&#8221;1&#8243; ca_an_opacity=&#8221;1&#8243; ca_init_scale_z=&#8221;1&#8243; ca_an_scale_z=&#8221;1&#8243; css=&#8221;.vc_custom_1655089372825{margin-bottom: -50px !important;padding-top: 100px !important;padding-bottom: 100px !important;}&#8221; ca_duration=&#8221;1800&#8243; ca_delay=&#8221;180&#8243; ca_init_translate_y=&#8221;65&#8243; ca_init_rotate_x=&#8221;-35&#8243;][vc_column enable_column_shadowbox=&#8221;yes&#8221; responsive_css=&#8221;padding_right_medium:90px|padding_left_medium:90px&#8221; css=&#8221;.vc_custom_1655089389426{margin-bottom: -100px !important;padding-top: 55px !important;padding-right: 15px !important;padding-bottom: 55px !important;padding-left: 15px !important;background-color: #f6b101 !important;border-radius: 10px !important;}&#8221; column_box_shadow=&#8221;%5B%7B%22x_offset%22%3A%220%22%2C%22y_offset%22%3A%2215px%22%2C%22blur_radius%22%3A%2250px%22%2C%22shadow_color%22%3A%22rgba(0%2C%200%2C%200%2C%200.19)%22%7D%5D&#8221; responsive_align=&#8221;text-center text-md-left&#8221;][vc_row_inner content_placement=&#8221;middle&#8221;][vc_column_inner align=&#8221;text-center&#8221; offset=&#8221;vc_col-md-6&#8243; responsive_align=&#8221;text-md-left&#8221;]<style>.ld_fancy_heading_69e8a5bb1089b h2{color:rgb(255, 255, 255);}.ld_fancy_heading_69e8a5bb1089b h2 {font-size:24px; } @media (min-width: 992px) { .ld_fancy_heading_69e8a5bb1089b h2 {margin-bottom:0px !important;  }  } .ld_fancy_heading_69e8a5bb1089b .lqd-highlight-inner{height:0.275em!important;bottom:0px!important;}.ld_fancy_heading_69e8a5bb1089b h2 {font-size:24px; } @media (min-width: 992px) { .ld_fancy_heading_69e8a5bb1089b h2 {margin-bottom:0px !important;  }  } <\/style><div class=\"ld-fancy-heading ld_fancy_heading_69e8a5bb1089b\">\n\t<h2 class=\"ld-fh-element lqd-highlight-underline lqd-highlight-grow-left text-decoration-default\"   >  Experience the Business Central Chosen by Leading Companies \u2013 15 Days Free Trial<\/h2><\/div>[\/vc_column_inner][vc_column_inner align=&#8221;text-center&#8221; responsive_align=&#8221;text-md-right&#8221; offset=&#8221;vc_col-md-6&#8243;]<style>.ld_button_69e8a5bb11ab2.btn-icon-solid .btn-icon{background:rgb(255, 255, 255);}.ld_button_69e8a5bb11ab2.btn-icon-circle.btn-icon-ripple .btn-icon:before{border-color:rgb(255, 255, 255);}.ld_button_69e8a5bb11ab2.btn-icon-solid:hover .btn-icon{background:rgb(18, 18, 18);}.ld_button_69e8a5bb11ab2{background-color:rgb(255, 255, 255);border-color:rgb(255, 255, 255);color:rgb(0, 0, 0);}.ld_button_69e8a5bb11ab2:hover{background-color:rgb(18, 18, 18);border-color:rgb(18, 18, 18);color:rgb(255, 255, 255);}.ld_button_69e8a5bb11ab2 .btn-gradient-bg-hover{background:-webkit-linear-gradient(to right, rgb(18, 18, 18) 0%, rgb(18, 18, 18) 100%);background:linear-gradient(to right, rgb(18, 18, 18) 0%, rgb(18, 18, 18) 100%);}.ld_button_69e8a5bb11ab2 .btn-gradient-border defs stop:first-child{stop-color:rgb(255, 255, 255);}.ld_button_69e8a5bb11ab2 .btn-gradient-border defs stop:last-child{stop-color:rgb(255, 255, 255);}.ld_button_69e8a5bb11ab2:hover .btn-gradient-border defs stop:first-child{stop-color:rgb(18, 18, 18);}.ld_button_69e8a5bb11ab2:hover .btn-gradient-border defs stop:last-child{stop-color:rgb(18, 18, 18);}<\/style><a href=\"#header-contact-modal\" class=\"btn btn-solid btn-lg round border-thin btn-hover-swp btn-has-label ld_button_69e8a5bb11ab2\" data-lity=\"#header-contact-modal\" >\n\t<span>\n\t\t\n\t\t\t\t\t<span class=\"btn-txt\" data-text=\"Try for Free\" >Try for Free<\/span>\n\t\t\t\n\t<span class=\"btn-icon\"><i class=\"lqd-icn-ess icon-md-arrow-forward\"><\/i><\/span>\t<span class=\"btn-icon\"><i class=\"lqd-icn-ess icon-md-arrow-forward\"><\/i><\/span>\t\t\t<\/span>\n<\/a>\n[\/vc_column_inner][\/vc_row_inner][\/vc_column][\/vc_row]<\/p>\n","protected":false},"excerpt":{"rendered":"<p>[vc_row css=&#8221;.vc_custom_1656406376625{padding-top: 60px !important;padding-bottom: 80px !important;}&#8221;][vc_column width=&#8221;1\/4&#8243;][vc_single_image image=&#8221;785&#8243;][\/vc_column][vc_column width=&#8221;3\/4&#8243;][\/vc_column][\/vc_row][vc_row enable_content_animation=&#8221;yes&#8221; ca_init_scale_x=&#8221;0.85&#8243; ca_init_scale_y=&#8221;0.85&#8243; ca_init_opacity=&#8221;0&#8243; ca_an_scale_x=&#8221;1&#8243; ca_an_scale_y=&#8221;1&#8243; ca_an_opacity=&#8221;1&#8243; ca_init_scale_z=&#8221;1&#8243; ca_an_scale_z=&#8221;1&#8243; css=&#8221;.vc_custom_1655089372825{margin-bottom: -50px !important;padding-top: 100px !important;padding-bottom: 100px !important;}&#8221; ca_duration=&#8221;1800&#8243; ca_delay=&#8221;180&#8243; ca_init_translate_y=&#8221;65&#8243; ca_init_rotate_x=&#8221;-35&#8243;][vc_column enable_column_shadowbox=&#8221;yes&#8221; responsive_css=&#8221;padding_right_medium:90px|padding_left_medium:90px&#8221; css=&#8221;.vc_custom_1655089389426{margin-bottom: -100px !important;padding-top: 55px !important;padding-right: 15px !important;padding-bottom: 55px !important;padding-left: 15px !important;background-color: #f6b101 !important;border-radius: 10px !important;}&#8221; column_box_shadow=&#8221;%5B%7B%22x_offset%22%3A%220%22%2C%22y_offset%22%3A%2215px%22%2C%22blur_radius%22%3A%2250px%22%2C%22shadow_color%22%3A%22rgba(0%2C%200%2C%200%2C%200.19)%22%7D%5D&#8221; responsive_align=&#8221;text-center text-md-left&#8221;][vc_row_inner content_placement=&#8221;middle&#8221;][vc_column_inner align=&#8221;text-center&#8221; offset=&#8221;vc_col-md-6&#8243; responsive_align=&#8221;text-md-left&#8221;][\/vc_column_inner][vc_column_inner align=&#8221;text-center&#8221; responsive_align=&#8221;text-md-right&#8221; [&hellip;]<\/p>\n","protected":false},"author":1,"featured_media":0,"parent":765,"menu_order":0,"comment_status":"closed","ping_status":"closed","template":"","meta":{"footnotes":""},"class_list":["post-793","page","type-page","status-publish","hentry"],"_links":{"self":[{"href":"https:\/\/vinya.com.tr\/en\/wp-json\/wp\/v2\/pages\/793","targetHints":{"allow":["GET"]}}],"collection":[{"href":"https:\/\/vinya.com.tr\/en\/wp-json\/wp\/v2\/pages"}],"about":[{"href":"https:\/\/vinya.com.tr\/en\/wp-json\/wp\/v2\/types\/page"}],"author":[{"embeddable":true,"href":"https:\/\/vinya.com.tr\/en\/wp-json\/wp\/v2\/users\/1"}],"replies":[{"embeddable":true,"href":"https:\/\/vinya.com.tr\/en\/wp-json\/wp\/v2\/comments?post=793"}],"version-history":[{"count":15,"href":"https:\/\/vinya.com.tr\/en\/wp-json\/wp\/v2\/pages\/793\/revisions"}],"predecessor-version":[{"id":2724,"href":"https:\/\/vinya.com.tr\/en\/wp-json\/wp\/v2\/pages\/793\/revisions\/2724"}],"up":[{"embeddable":true,"href":"https:\/\/vinya.com.tr\/en\/wp-json\/wp\/v2\/pages\/765"}],"wp:attachment":[{"href":"https:\/\/vinya.com.tr\/en\/wp-json\/wp\/v2\/media?parent=793"}],"curies":[{"name":"wp","href":"https:\/\/api.w.org\/{rel}","templated":true}]}}